{"id":178,"date":"2024-06-22T22:17:09","date_gmt":"2024-06-22T20:17:09","guid":{"rendered":"https:\/\/grossicardiologo.it\/?page_id=178"},"modified":"2024-07-12T16:24:45","modified_gmt":"2024-07-12T14:24:45","slug":"trattamenti","status":"publish","type":"page","link":"https:\/\/grossicardiologo.it\/en\/trattamenti\/","title":{"rendered":"Treatments"},"content":{"rendered":"<div class=\"kb-row-layout-wrap kb-row-layout-id178_b67e02-8f alignfull wp-block-kadence-rowlayout\"><div class=\"kt-row-column-wrap kt-has-2-columns kt-row-layout-row kt-tab-layout-inherit kt-mobile-layout-row kt-row-valign-top\">\n\n<div class=\"wp-block-kadence-column kadence-column178_259a38-93 kb-section-has-overlay kb-section-dir-vertical\"><div class=\"kt-inside-inner-col\"><div class=\"kb-row-layout-wrap kb-row-layout-id178_2459a3-1d alignnone wp-block-kadence-rowlayout\"><div class=\"kt-row-column-wrap kt-has-1-columns kt-row-layout-equal kt-tab-layout-inherit kt-mobile-layout-row kt-row-valign-top kb-theme-content-width\">\n\n<div class=\"wp-block-kadence-column kadence-column178_69dec5-97 kb-section-dir-vertical\"><div class=\"kt-inside-inner-col\">\n<h2 class=\"kt-adv-heading178_59c8bd-64 wp-block-kadence-advancedheading has-theme-palette-3-color has-text-color\" data-kb-block=\"kb-adv-heading178_59c8bd-64\">Treatments<\/h2>\n\n\n\n<p class=\"kt-adv-heading178_93eb4f-f3 wp-block-kadence-advancedheading\" data-kb-block=\"kb-adv-heading178_93eb4f-f3\">It is important to emphasize that specific treatment will depend on the individual's cardiac\ncondition and medical evaluation.<br>Dr. Stefano Grossi can assess the clinical situation and determine the most appropriate\ntreatment plan for each patient.<\/p>\n\n\n\n<div class=\"wp-block-kadence-advancedbtn kb-buttons-wrap kb-btns178_607b31-46\"><a class=\"kb-button kt-button button kb-btn178_4ef576-16 kt-btn-size-standard kt-btn-width-type-auto kb-btn-global-inherit  kt-btn-has-text-true kt-btn-has-svg-false  wp-block-button__link wp-block-kadence-singlebtn\" href=\"https:\/\/grossicardiologo.it\/en\/contatti\/\"><span class=\"kt-btn-inner-text\">Book your visit<\/span><\/a><\/div>\n<\/div><\/div>\n\n<\/div><\/div><\/div><\/div>\n\n\n\n<div class=\"wp-block-kadence-column kadence-column178_232f46-1e\"><div class=\"kt-inside-inner-col\"><\/div><\/div>\n\n<\/div><\/div>\n\n<div class=\"kb-row-layout-wrap kb-row-layout-id178_7c1b8c-89 alignfull has-theme-palette9-background-color kt-row-has-bg wp-block-kadence-rowlayout\"><div class=\"kt-row-column-wrap kt-has-2-columns kt-row-layout-equal kt-tab-layout-row kt-mobile-layout-row kt-row-valign-middle kb-theme-content-width\">\n\n<div class=\"wp-block-kadence-column kadence-column178_5ff1c5-70 kb-section-dir-vertical inner-column-2\"><div class=\"kt-inside-inner-col\">\n<figure class=\"wp-block-image size-large\"><img loading=\"lazy\" decoding=\"async\" width=\"1024\" height=\"678\" src=\"https:\/\/grossicardiologo.it\/wp-content\/uploads\/2024\/06\/image-5-1024x678.png\" alt=\"\" class=\"wp-image-230\" srcset=\"https:\/\/grossicardiologo.it\/wp-content\/uploads\/2024\/06\/image-5-1024x678.png 1024w, https:\/\/grossicardiologo.it\/wp-content\/uploads\/2024\/06\/image-5-300x199.png 300w, https:\/\/grossicardiologo.it\/wp-content\/uploads\/2024\/06\/image-5-768x509.png 768w, https:\/\/grossicardiologo.it\/wp-content\/uploads\/2024\/06\/image-5-1536x1017.png 1536w, https:\/\/grossicardiologo.it\/wp-content\/uploads\/2024\/06\/image-5.png 2048w\" sizes=\"auto, (max-width: 1024px) 100vw, 1024px\" \/><\/figure>\n<\/div><\/div>\n\n\n\n<div class=\"wp-block-kadence-column kadence-column178_4c7b39-3d kb-section-dir-vertical inner-column-1\"><div class=\"kt-inside-inner-col\">\n<h2 class=\"kt-adv-heading178_fe7127-dd wp-block-kadence-advancedheading has-theme-palette-3-color has-text-color\" data-kb-block=\"kb-adv-heading178_fe7127-dd\">Treatments for arrhythmias<\/h2>\n\n\n\n<p>Atrial fibrillation is the most common cardiac arrhythmia.<\/p>\n\n\n\n<p><a href=\"https:\/\/grossicardiologo.it\/en\/trattamenti-per-aritmie\/\" data-type=\"post\" data-id=\"267\">Learn more -&gt;<\/a><\/p>\n\n\n\n<div class=\"wp-block-kadence-advancedbtn kb-buttons-wrap kb-btns178_15f8ad-ff\"><a class=\"kb-button kt-button button kb-btn178_ebe19a-28 kt-btn-size-standard kt-btn-width-type-auto kb-btn-global-inherit  kt-btn-has-text-true kt-btn-has-svg-false  wp-block-button__link wp-block-kadence-singlebtn\" href=\"https:\/\/grossicardiologo.it\/en\/trattamenti-per-tachicardie\/\"><span class=\"kt-btn-inner-text\">Tachycardias<\/span><\/a>\n\n<a class=\"kb-button kt-button button kb-btn178_958d7b-f6 kt-btn-size-standard kt-btn-width-type-auto kb-btn-global-inherit  kt-btn-has-text-true kt-btn-has-svg-false  wp-block-button__link wp-block-kadence-singlebtn\" href=\"https:\/\/grossicardiologo.it\/en\/la-ablazione-transcatetere\/\"><span class=\"kt-btn-inner-text\">Catheter ablation<\/span><\/a>\n\n<a class=\"kb-button kt-button button kb-btn178_5ed1be-9e kt-btn-size-standard kt-btn-width-type-auto kb-btn-global-inherit  kt-btn-has-text-true kt-btn-has-svg-false  wp-block-button__link wp-block-kadence-singlebtn\" href=\"https:\/\/grossicardiologo.it\/en\/trattamenti-per-sindrome-di-wolff-parkinson-white\/\"><span class=\"kt-btn-inner-text\">Wolff-Parkinson-White syndrome<\/span><\/a><\/div>\n<\/div><\/div>\n\n<\/div><\/div>\n\n<div class=\"kb-row-layout-wrap kb-row-layout-id178_68735e-2d alignfull has-theme-palette9-background-color kt-row-has-bg wp-block-kadence-rowlayout\"><div class=\"kt-row-column-wrap kt-has-2-columns kt-row-layout-equal kt-tab-layout-row kt-mobile-layout-row kt-row-valign-middle kb-theme-content-width\">\n\n<div class=\"wp-block-kadence-column kadence-column178_585ad7-4f kb-section-dir-vertical inner-column-1\"><div class=\"kt-inside-inner-col\">\n<h2 class=\"kt-adv-heading178_1a61a8-29 wp-block-kadence-advancedheading has-theme-palette-3-color has-text-color\" data-kb-block=\"kb-adv-heading178_1a61a8-29\">Treatments for Brugada Syndrome<\/h2>\n\n\n\n<p><a href=\"https:\/\/grossicardiologo.it\/en\/quali-sono-i-trattamentidella-sindrome-di-brugada\/\" data-type=\"post\" data-id=\"189\">Learn more -&gt;<\/a><\/p>\n<\/div><\/div>\n\n\n\n<div class=\"wp-block-kadence-column kadence-column178_329d94-25 kb-section-dir-vertical inner-column-2\"><div class=\"kt-inside-inner-col\">\n<figure class=\"wp-block-image size-full\"><img loading=\"lazy\" decoding=\"async\" width=\"853\" height=\"480\" src=\"https:\/\/grossicardiologo.it\/wp-content\/uploads\/2024\/06\/health-2662312_1280-edited.jpg\" alt=\"\" class=\"wp-image-445\" srcset=\"https:\/\/grossicardiologo.it\/wp-content\/uploads\/2024\/06\/health-2662312_1280-edited.jpg 853w, https:\/\/grossicardiologo.it\/wp-content\/uploads\/2024\/06\/health-2662312_1280-edited-300x169.jpg 300w, https:\/\/grossicardiologo.it\/wp-content\/uploads\/2024\/06\/health-2662312_1280-edited-768x432.jpg 768w\" sizes=\"auto, (max-width: 853px) 100vw, 853px\" \/><\/figure>\n<\/div><\/div>\n\n<\/div><\/div>\n\n<div class=\"kb-row-layout-wrap kb-row-layout-id178_3d6bfa-e0 alignfull has-theme-palette9-background-color kt-row-has-bg wp-block-kadence-rowlayout\"><div class=\"kt-row-column-wrap kt-has-2-columns kt-row-layout-equal kt-tab-layout-row kt-mobile-layout-row kt-row-valign-middle kb-theme-content-width\">\n\n<div class=\"wp-block-kadence-column kadence-column178_000e3b-40 kb-section-dir-vertical inner-column-2\"><div class=\"kt-inside-inner-col\">\n<figure class=\"wp-block-image size-large\"><img loading=\"lazy\" decoding=\"async\" width=\"1024\" height=\"565\" src=\"https:\/\/grossicardiologo.it\/wp-content\/uploads\/2024\/06\/aritmie-ventricolari-1024x565.jpg\" alt=\"\" class=\"wp-image-472\" srcset=\"https:\/\/grossicardiologo.it\/wp-content\/uploads\/2024\/06\/aritmie-ventricolari-1024x565.jpg 1024w, https:\/\/grossicardiologo.it\/wp-content\/uploads\/2024\/06\/aritmie-ventricolari-300x165.jpg 300w, https:\/\/grossicardiologo.it\/wp-content\/uploads\/2024\/06\/aritmie-ventricolari-768x424.jpg 768w, https:\/\/grossicardiologo.it\/wp-content\/uploads\/2024\/06\/aritmie-ventricolari.jpg 1280w\" sizes=\"auto, (max-width: 1024px) 100vw, 1024px\" \/><\/figure>\n<\/div><\/div>\n\n\n\n<div class=\"wp-block-kadence-column kadence-column178_0effc7-df kb-section-dir-vertical inner-column-1\"><div class=\"kt-inside-inner-col\">\n<h2 class=\"kt-adv-heading178_51d153-a6 wp-block-kadence-advancedheading has-theme-palette-3-color has-text-color\" data-kb-block=\"kb-adv-heading178_51d153-a6\">Atrial Fibrillation Treatments<\/h2>\n\n\n\n<p><a href=\"https:\/\/grossicardiologo.it\/en\/ttrattamentidella-fibrillazione-atriale\/\" data-type=\"post\" data-id=\"260\">Learn more -&gt;<\/a><\/p>\n\n\n\n<div class=\"wp-block-kadence-advancedbtn kb-buttons-wrap kb-btns178_6b6901-e1\"><a class=\"kb-button kt-button button kb-btn178_83ed6a-29 kt-btn-size-standard kt-btn-width-type-auto kb-btn-global-inherit  kt-btn-has-text-true kt-btn-has-svg-false  wp-block-button__link wp-block-kadence-singlebtn\" href=\"https:\/\/grossicardiologo.it\/en\/ablazione-della-fibrillazioneatriale\/\"><span class=\"kt-btn-inner-text\">Ablation for Atrial Fibrillation<\/span><\/a>\n\n<a class=\"kb-button kt-button button kb-btn178_94e94e-b3 kt-btn-size-standard kt-btn-width-type-auto kb-btn-global-inherit  kt-btn-has-text-true kt-btn-has-svg-false  wp-block-button__link wp-block-kadence-singlebtn\" href=\"https:\/\/grossicardiologo.it\/en\/occlusione-percutaneadell-auricola-sinistra\/\"><span class=\"kt-btn-inner-text\">Percutaneous Left Atrial Appendage Occlusion<\/span><\/a><\/div>\n<\/div><\/div>\n\n<\/div><\/div>\n\n<div class=\"kb-row-layout-wrap kb-row-layout-id178_8c8791-7a alignfull has-theme-palette1-background-color kt-row-has-bg wp-block-kadence-rowlayout\"><div class=\"kt-row-column-wrap kt-has-1-columns kt-row-layout-equal kt-tab-layout-inherit kt-mobile-layout-row kt-row-valign-top kb-theme-content-width\">\n\n<div class=\"wp-block-kadence-column kadence-column178_9e2539-a5 kb-section-dir-vertical inner-column-1\"><div class=\"kt-inside-inner-col\"><div class=\"kb-row-layout-wrap kb-row-layout-id178_f10ee7-8a alignnone wp-block-kadence-rowlayout\"><div class=\"kt-row-column-wrap kt-has-1-columns kt-row-layout-equal kt-tab-layout-inherit kt-mobile-layout-row kt-row-valign-top\">\n\n<div class=\"wp-block-kadence-column kadence-column178_a45bb2-76\"><div class=\"kt-inside-inner-col\">\n<p class=\"has-base-2-color has-text-color has-link-color has-large-font-size wp-elements-6e77b58fd9d2dde61ecbc8aed9e96efd\"><strong>It is important to note that treatments for arrhythmias must be evaluated and planned by a cardiologist or an electrophysiologist, based on the individual patient\u2019s diagnosis. Treatment options can vary significantly depending on the type of arrhythmia, the severity of symptoms, and the patient\u2019s overall health condition.<\/strong><\/p>\n<\/div><\/div>\n\n<\/div><\/div><\/div><\/div>\n\n<\/div><\/div>\n\n<div class=\"kb-row-layout-wrap kb-row-layout-id178_37118e-8d alignfull has-theme-palette9-background-color kt-row-has-bg wp-block-kadence-rowlayout\"><div class=\"kt-row-column-wrap kt-has-2-columns kt-row-layout-equal kt-tab-layout-row kt-mobile-layout-row kt-row-valign-middle kb-theme-content-width\">\n\n<div class=\"wp-block-kadence-column kadence-column178_370d36-22 kb-section-dir-vertical inner-column-1\"><div class=\"kt-inside-inner-col\">\n<h1 class=\"kt-adv-heading178_8987b5-69 wp-block-kadence-advancedheading\" data-kb-block=\"kb-adv-heading178_8987b5-69\"><strong>Dr. Stefano Grossi has performed over one hundred ablations in patients with Brugada syndrome, making his experience the second largest case series in the world to date.<\/strong><\/h1>\n\n\n\n<p class=\"kt-adv-heading178_dd34d1-02 wp-block-kadence-advancedheading has-theme-palette-3-color has-text-color\" data-kb-block=\"kb-adv-heading178_dd34d1-02\">In 2018, he performed, for the first time in Italy, an ablation procedure for Brugada syndrome using the Stereotaxis robotic magnetic navigation system.<\/p>\n<\/div><\/div>\n\n\n\n<div class=\"wp-block-kadence-column kadence-column178_ba6190-e4 kb-section-dir-vertical inner-column-2\"><div class=\"kt-inside-inner-col\">\n<figure class=\"wp-block-kadence-image kb-image178_4c147a-32 size-full kb-image-is-ratio-size\"><div class=\"kb-is-ratio-image kb-image-ratio-square\"><img loading=\"lazy\" decoding=\"async\" width=\"1002\" height=\"200\" src=\"https:\/\/grossicardiologo.it\/wp-content\/uploads\/2024\/06\/sfondo-tachicardia-trattamenti.png\" alt=\"\" class=\"kb-img wp-image-167\" srcset=\"https:\/\/grossicardiologo.it\/wp-content\/uploads\/2024\/06\/sfondo-tachicardia-trattamenti.png 1002w, https:\/\/grossicardiologo.it\/wp-content\/uploads\/2024\/06\/sfondo-tachicardia-trattamenti-300x60.png 300w, https:\/\/grossicardiologo.it\/wp-content\/uploads\/2024\/06\/sfondo-tachicardia-trattamenti-768x153.png 768w\" sizes=\"auto, (max-width: 1002px) 100vw, 1002px\" \/><\/div><\/figure>\n<\/div><\/div>\n\n<\/div><\/div>\n\n<div class=\"kb-row-layout-wrap kb-row-layout-id178_2f8d7b-be alignfull has-theme-palette3-background-color kt-row-has-bg wp-block-kadence-rowlayout\"><div class=\"kt-row-column-wrap kt-has-1-columns kt-row-layout-equal kt-tab-layout-inherit kt-mobile-layout-row kt-row-valign-top kb-theme-content-width\">\n\n<div class=\"wp-block-kadence-column kadence-column178_3c39d9-e7\"><div class=\"kt-inside-inner-col\">\n<h2 class=\"kt-adv-heading178_5dde22-b7 wp-block-kadence-advancedheading\" data-kb-block=\"kb-adv-heading178_5dde22-b7\">The electrophysiological study<\/h2>\n\n\n\n<p class=\"has-text-align-right\">An electrophysiological study is a diagnostic examination used in electrophysiology to analyze the electrical properties of the heart in patients with arrhythmias. Its goal is to understand the underlying mechanisms of the arrhythmia and determine the best medical or ablative therapy.<\/p>\n\n\n\n<div class=\"wp-block-kadence-advancedbtn kb-buttons-wrap kb-btns178_80b4cd-73\"><a class=\"kb-button kt-button button kb-btn178_236e24-c4 kt-btn-size-standard kt-btn-width-type-auto kb-btn-global-inherit  kt-btn-has-text-true kt-btn-has-svg-false  wp-block-button__link wp-block-kadence-singlebtn\" href=\"https:\/\/grossicardiologo.it\/en\/lo-studio-elettrofisiologico\/\"><span class=\"kt-btn-inner-text\">Learn more<\/span><\/a><\/div>\n<\/div><\/div>\n\n<\/div><\/div>","protected":false},"excerpt":{"rendered":"<p>Trattamenti \u00c8 importante sottolineare che il trattamento specifico dipender\u00e0 dalla condizione cardiaca individuale e dalla valutazione medica.Il Dr. Stefano Grossi sar\u00e0 in grado di valutare la situazione clinica e determinare il piano di trattamento pi\u00f9 appropriato per ciascun paziente. Trattamenti per aritmie La fibrillazione atriale \u00e8 la pi\u00f9 comune aritmia cardiaca. Scopri di pi\u00f9 -&gt; [&hellip;]<\/p>\n","protected":false},"author":1,"featured_media":0,"parent":0,"menu_order":0,"comment_status":"closed","ping_status":"closed","template":"","meta":{"footnotes":""},"class_list":["post-178","page","type-page","status-publish","hentry"],"yoast_head":"<!-- This site is optimized with the Yoast SEO plugin v27.2 - https:\/\/yoast.com\/product\/yoast-seo-wordpress\/ -->\n<title>Trattamenti - Dr. Stefano Grossi<\/title>\n<meta name=\"description\" content=\"Trattamenti per aritmie, fibrillazione atriale, sindrome di Brugada. Dr. Grossi cardiologo, artimologo, elettrofisiologo interventista.\" \/>\n<meta name=\"robots\" content=\"index, follow, max-snippet:-1, max-image-preview:large, max-video-preview:-1\" \/>\n<link rel=\"canonical\" href=\"https:\/\/grossicardiologo.it\/en\/trattamenti\/\" \/>\n<meta property=\"og:locale\" content=\"en_GB\" \/>\n<meta property=\"og:type\" content=\"article\" \/>\n<meta property=\"og:title\" content=\"Trattamenti - Dr. Stefano Grossi\" \/>\n<meta property=\"og:description\" content=\"Trattamenti per aritmie, fibrillazione atriale, sindrome di Brugada. Dr. Grossi cardiologo, artimologo, elettrofisiologo interventista.\" \/>\n<meta property=\"og:url\" content=\"https:\/\/grossicardiologo.it\/en\/trattamenti\/\" \/>\n<meta property=\"og:site_name\" content=\"Dr. Stefano Grossi\" \/>\n<meta property=\"article:modified_time\" content=\"2024-07-12T14:24:45+00:00\" \/>\n<meta property=\"og:image\" content=\"https:\/\/grossicardiologo.it\/wp-content\/uploads\/2024\/06\/image-5-1024x678.png\" \/>\n<meta name=\"twitter:card\" content=\"summary_large_image\" \/>\n<meta name=\"twitter:label1\" content=\"Estimated reading time\" \/>\n\t<meta name=\"twitter:data1\" content=\"2 minutes\" \/>\n<script type=\"application\/ld+json\" class=\"yoast-schema-graph\">{\"@context\":\"https:\/\/schema.org\",\"@graph\":[{\"@type\":\"WebPage\",\"@id\":\"https:\/\/grossicardiologo.it\/trattamenti\/\",\"url\":\"https:\/\/grossicardiologo.it\/trattamenti\/\",\"name\":\"Trattamenti - Dr. Stefano Grossi\",\"isPartOf\":{\"@id\":\"https:\/\/grossicardiologo.it\/#website\"},\"primaryImageOfPage\":{\"@id\":\"https:\/\/grossicardiologo.it\/trattamenti\/#primaryimage\"},\"image\":{\"@id\":\"https:\/\/grossicardiologo.it\/trattamenti\/#primaryimage\"},\"thumbnailUrl\":\"https:\/\/grossicardiologo.it\/wp-content\/uploads\/2024\/06\/image-5-1024x678.png\",\"datePublished\":\"2024-06-22T20:17:09+00:00\",\"dateModified\":\"2024-07-12T14:24:45+00:00\",\"description\":\"Trattamenti per aritmie, fibrillazione atriale, sindrome di Brugada. Dr. Grossi cardiologo, artimologo, elettrofisiologo interventista.\",\"inLanguage\":\"en-GB\",\"potentialAction\":[{\"@type\":\"ReadAction\",\"target\":[\"https:\/\/grossicardiologo.it\/trattamenti\/\"]}]},{\"@type\":\"ImageObject\",\"inLanguage\":\"en-GB\",\"@id\":\"https:\/\/grossicardiologo.it\/trattamenti\/#primaryimage\",\"url\":\"https:\/\/grossicardiologo.it\/wp-content\/uploads\/2024\/06\/image-5-1024x678.png\",\"contentUrl\":\"https:\/\/grossicardiologo.it\/wp-content\/uploads\/2024\/06\/image-5-1024x678.png\"},{\"@type\":\"WebSite\",\"@id\":\"https:\/\/grossicardiologo.it\/#website\",\"url\":\"https:\/\/grossicardiologo.it\/\",\"name\":\"Dr. Stefano Grossi\",\"description\":\"Cardiologo, aritmologo, elettrofisiologo interventista\",\"publisher\":{\"@id\":\"https:\/\/grossicardiologo.it\/#organization\"},\"potentialAction\":[{\"@type\":\"SearchAction\",\"target\":{\"@type\":\"EntryPoint\",\"urlTemplate\":\"https:\/\/grossicardiologo.it\/?s={search_term_string}\"},\"query-input\":{\"@type\":\"PropertyValueSpecification\",\"valueRequired\":true,\"valueName\":\"search_term_string\"}}],\"inLanguage\":\"en-GB\"},{\"@type\":\"Organization\",\"@id\":\"https:\/\/grossicardiologo.it\/#organization\",\"name\":\"Dr. Stefano Grossi\",\"url\":\"https:\/\/grossicardiologo.it\/\",\"logo\":{\"@type\":\"ImageObject\",\"inLanguage\":\"en-GB\",\"@id\":\"https:\/\/grossicardiologo.it\/#\/schema\/logo\/image\/\",\"url\":\"https:\/\/grossicardiologo.it\/wp-content\/uploads\/2024\/06\/logo-grossired.png\",\"contentUrl\":\"https:\/\/grossicardiologo.it\/wp-content\/uploads\/2024\/06\/logo-grossired.png\",\"width\":406,\"height\":428,\"caption\":\"Dr. Stefano Grossi\"},\"image\":{\"@id\":\"https:\/\/grossicardiologo.it\/#\/schema\/logo\/image\/\"}}]}<\/script>\n<!-- \/ Yoast SEO plugin. -->","yoast_head_json":{"title":"Trattamenti - Dr. Stefano Grossi","description":"Trattamenti per aritmie, fibrillazione atriale, sindrome di Brugada. Dr. Grossi cardiologo, artimologo, elettrofisiologo interventista.","robots":{"index":"index","follow":"follow","max-snippet":"max-snippet:-1","max-image-preview":"max-image-preview:large","max-video-preview":"max-video-preview:-1"},"canonical":"https:\/\/grossicardiologo.it\/en\/trattamenti\/","og_locale":"en_GB","og_type":"article","og_title":"Trattamenti - Dr. Stefano Grossi","og_description":"Trattamenti per aritmie, fibrillazione atriale, sindrome di Brugada. Dr. Grossi cardiologo, artimologo, elettrofisiologo interventista.","og_url":"https:\/\/grossicardiologo.it\/en\/trattamenti\/","og_site_name":"Dr. Stefano Grossi","article_modified_time":"2024-07-12T14:24:45+00:00","og_image":[{"url":"https:\/\/grossicardiologo.it\/wp-content\/uploads\/2024\/06\/image-5-1024x678.png","type":"","width":"","height":""}],"twitter_card":"summary_large_image","twitter_misc":{"Estimated reading time":"2 minutes"},"schema":{"@context":"https:\/\/schema.org","@graph":[{"@type":"WebPage","@id":"https:\/\/grossicardiologo.it\/trattamenti\/","url":"https:\/\/grossicardiologo.it\/trattamenti\/","name":"Trattamenti - Dr. Stefano Grossi","isPartOf":{"@id":"https:\/\/grossicardiologo.it\/#website"},"primaryImageOfPage":{"@id":"https:\/\/grossicardiologo.it\/trattamenti\/#primaryimage"},"image":{"@id":"https:\/\/grossicardiologo.it\/trattamenti\/#primaryimage"},"thumbnailUrl":"https:\/\/grossicardiologo.it\/wp-content\/uploads\/2024\/06\/image-5-1024x678.png","datePublished":"2024-06-22T20:17:09+00:00","dateModified":"2024-07-12T14:24:45+00:00","description":"Trattamenti per aritmie, fibrillazione atriale, sindrome di Brugada. Dr. Grossi cardiologo, artimologo, elettrofisiologo interventista.","inLanguage":"en-GB","potentialAction":[{"@type":"ReadAction","target":["https:\/\/grossicardiologo.it\/trattamenti\/"]}]},{"@type":"ImageObject","inLanguage":"en-GB","@id":"https:\/\/grossicardiologo.it\/trattamenti\/#primaryimage","url":"https:\/\/grossicardiologo.it\/wp-content\/uploads\/2024\/06\/image-5-1024x678.png","contentUrl":"https:\/\/grossicardiologo.it\/wp-content\/uploads\/2024\/06\/image-5-1024x678.png"},{"@type":"WebSite","@id":"https:\/\/grossicardiologo.it\/#website","url":"https:\/\/grossicardiologo.it\/","name":"Dr. Stefano Grossi","description":"Cardiologist, arrhythmologist, interventional electrophysiologist","publisher":{"@id":"https:\/\/grossicardiologo.it\/#organization"},"potentialAction":[{"@type":"SearchAction","target":{"@type":"EntryPoint","urlTemplate":"https:\/\/grossicardiologo.it\/?s={search_term_string}"},"query-input":{"@type":"PropertyValueSpecification","valueRequired":true,"valueName":"search_term_string"}}],"inLanguage":"en-GB"},{"@type":"Organization","@id":"https:\/\/grossicardiologo.it\/#organization","name":"Dr. Stefano Grossi","url":"https:\/\/grossicardiologo.it\/","logo":{"@type":"ImageObject","inLanguage":"en-GB","@id":"https:\/\/grossicardiologo.it\/#\/schema\/logo\/image\/","url":"https:\/\/grossicardiologo.it\/wp-content\/uploads\/2024\/06\/logo-grossired.png","contentUrl":"https:\/\/grossicardiologo.it\/wp-content\/uploads\/2024\/06\/logo-grossired.png","width":406,"height":428,"caption":"Dr. Stefano Grossi"},"image":{"@id":"https:\/\/grossicardiologo.it\/#\/schema\/logo\/image\/"}}]}},"_links":{"self":[{"href":"https:\/\/grossicardiologo.it\/en\/wp-json\/wp\/v2\/pages\/178","targetHints":{"allow":["GET"]}}],"collection":[{"href":"https:\/\/grossicardiologo.it\/en\/wp-json\/wp\/v2\/pages"}],"about":[{"href":"https:\/\/grossicardiologo.it\/en\/wp-json\/wp\/v2\/types\/page"}],"author":[{"embeddable":true,"href":"https:\/\/grossicardiologo.it\/en\/wp-json\/wp\/v2\/users\/1"}],"replies":[{"embeddable":true,"href":"https:\/\/grossicardiologo.it\/en\/wp-json\/wp\/v2\/comments?post=178"}],"version-history":[{"count":22,"href":"https:\/\/grossicardiologo.it\/en\/wp-json\/wp\/v2\/pages\/178\/revisions"}],"predecessor-version":[{"id":551,"href":"https:\/\/grossicardiologo.it\/en\/wp-json\/wp\/v2\/pages\/178\/revisions\/551"}],"wp:attachment":[{"href":"https:\/\/grossicardiologo.it\/en\/wp-json\/wp\/v2\/media?parent=178"}],"curies":[{"name":"wp","href":"https:\/\/api.w.org\/{rel}","templated":true}]}}