{"id":180,"date":"2024-06-22T22:19:56","date_gmt":"2024-06-22T20:19:56","guid":{"rendered":"https:\/\/grossicardiologo.it\/?page_id=180"},"modified":"2024-07-12T16:24:43","modified_gmt":"2024-07-12T14:24:43","slug":"disturbi-del-ritmo","status":"publish","type":"page","link":"https:\/\/grossicardiologo.it\/en\/disturbi-del-ritmo\/","title":{"rendered":"Rhythm disorders"},"content":{"rendered":"<div class=\"kb-row-layout-wrap kb-row-layout-id180_97f3d9-55 alignfull wp-block-kadence-rowlayout\"><div class=\"kt-row-column-wrap kt-has-2-columns kt-row-layout-row kt-tab-layout-inherit kt-mobile-layout-row kt-row-valign-top\">\n\n<div class=\"wp-block-kadence-column kadence-column180_0d48e9-6b kb-section-has-overlay kb-section-dir-vertical\"><div class=\"kt-inside-inner-col\"><div class=\"kb-row-layout-wrap kb-row-layout-id180_674bc2-55 alignnone wp-block-kadence-rowlayout\"><div class=\"kt-row-column-wrap kt-has-1-columns kt-row-layout-equal kt-tab-layout-inherit kt-mobile-layout-row kt-row-valign-top kb-theme-content-width\">\n\n<div class=\"wp-block-kadence-column kadence-column180_eea199-1d kb-section-dir-vertical\"><div class=\"kt-inside-inner-col\">\n<h2 class=\"kt-adv-heading180_db9ea5-2f wp-block-kadence-advancedheading has-theme-palette-3-color has-text-color\" data-kb-block=\"kb-adv-heading180_db9ea5-2f\">Rhythm disorders<\/h2>\n\n\n\n<div class=\"wp-block-kadence-advancedbtn kb-buttons-wrap kb-btns180_03f6b8-1b\"><a class=\"kb-button kt-button button kb-btn180_65a946-00 kt-btn-size-standard kt-btn-width-type-auto kb-btn-global-inherit  kt-btn-has-text-true kt-btn-has-svg-false  wp-block-button__link wp-block-kadence-singlebtn\" href=\"https:\/\/grossicardiologo.it\/en\/contatti\/\"><span class=\"kt-btn-inner-text\">Book your visit<\/span><\/a><\/div>\n\n\n\n<div style=\"height:34px\" aria-hidden=\"true\" class=\"wp-block-spacer\"><\/div>\n\n\n\n<p><strong><a href=\"https:\/\/grossicardiologo.it\/en\/la-visita-aritmologica\/\" data-type=\"post\" data-id=\"158\">What is meant by arrhythmological visit?<\/a><\/strong><\/p>\n<\/div><\/div>\n\n<\/div><\/div><\/div><\/div>\n\n\n\n<div class=\"wp-block-kadence-column kadence-column180_34682a-3d\"><div class=\"kt-inside-inner-col\"><\/div><\/div>\n\n<\/div><\/div>\n\n<div class=\"kb-row-layout-wrap kb-row-layout-id180_b080cc-85 alignfull has-theme-palette9-background-color kt-row-has-bg wp-block-kadence-rowlayout\"><div class=\"kt-row-column-wrap kt-has-2-columns kt-row-layout-equal kt-tab-layout-row kt-mobile-layout-row kt-row-valign-middle kb-theme-content-width\">\n\n<div class=\"wp-block-kadence-column kadence-column180_4ff671-76 kb-section-dir-vertical inner-column-1\"><div class=\"kt-inside-inner-col\">\n<h2 class=\"kt-adv-heading180_6daf64-91 wp-block-kadence-advancedheading has-theme-palette-3-color has-text-color\" data-kb-block=\"kb-adv-heading180_6daf64-91\">Arrhythmias<\/h2>\n\n\n\n<p class=\"translation-block\">The <strong>cardiac arrhythmia<\/strong> is an alteration of the heart rhythm, in which the heartbeat becomes irregular, with episodes of increased rate (<strong>tachycardia<\/strong>), decreased rate (<strong>bradycardia<\/strong>), or absolute <strong>irregularity<\/strong> (e.g., <strong>atrial fibrillation<\/strong>) compared to the normal average rate.<\/p>\n\n\n\n<p class=\"has-text-color has-link-color wp-elements-05f67c7843b229cf2b91076867c543c2\" style=\"color:#b80000\"><a href=\"https:\/\/grossicardiologo.it\/en\/aritmie\/\" data-type=\"post\" data-id=\"247\">Learn more -&gt;<\/a><\/p>\n\n\n\n<div class=\"wp-block-kadence-advancedbtn kb-buttons-wrap kb-btns180_192560-04\"><a class=\"kb-button kt-button button kb-btn180_3fd7e5-43 kt-btn-size-standard kt-btn-width-type-auto kb-btn-global-inherit  kt-btn-has-text-true kt-btn-has-svg-false  wp-block-button__link wp-block-kadence-singlebtn\" href=\"https:\/\/grossicardiologo.it\/en\/tachicardia-parossistica\/\"><span class=\"kt-btn-inner-text\">Paroxysmal Tachycardia<\/span><\/a>\n\n<a class=\"kb-button kt-button button kb-btn180_6e713e-29 kt-btn-size-standard kt-btn-width-type-auto kb-btn-global-inherit  kt-btn-has-text-true kt-btn-has-svg-false  wp-block-button__link wp-block-kadence-singlebtn\" href=\"https:\/\/grossicardiologo.it\/en\/sindrome-di-wolf-parkinson-white\/\"><span class=\"kt-btn-inner-text\">Wolff-Parkinson-White syndrome<\/span><\/a>\n\n<a class=\"kb-button kt-button button kb-btn180_002851-a4 kt-btn-size-standard kt-btn-width-type-auto kb-btn-global-inherit  kt-btn-has-text-true kt-btn-has-svg-false  wp-block-button__link wp-block-kadence-singlebtn\" href=\"https:\/\/grossicardiologo.it\/en\/extrasistoli\/\"><span class=\"kt-btn-inner-text\">Extrasystoles<\/span><\/a><\/div>\n<\/div><\/div>\n\n\n\n<div class=\"wp-block-kadence-column kadence-column180_d1c25d-0d kb-section-dir-vertical inner-column-2\"><div class=\"kt-inside-inner-col\">\n<figure class=\"wp-block-image size-full is-resized\"><img loading=\"lazy\" decoding=\"async\" width=\"356\" height=\"200\" src=\"https:\/\/grossicardiologo.it\/wp-content\/uploads\/2024\/06\/sfondo-header-brugada-edited.png\" alt=\"\" class=\"wp-image-409\" style=\"width:586px;height:auto\" srcset=\"https:\/\/grossicardiologo.it\/wp-content\/uploads\/2024\/06\/sfondo-header-brugada-edited.png 356w, https:\/\/grossicardiologo.it\/wp-content\/uploads\/2024\/06\/sfondo-header-brugada-edited-300x169.png 300w\" sizes=\"auto, (max-width: 356px) 100vw, 356px\" \/><\/figure>\n<\/div><\/div>\n\n<\/div><\/div>\n\n<div class=\"kb-row-layout-wrap kb-row-layout-id180_b23a43-da alignfull has-theme-palette9-background-color kt-row-has-bg wp-block-kadence-rowlayout\"><div class=\"kt-row-column-wrap kt-has-2-columns kt-row-layout-equal kt-tab-layout-row kt-mobile-layout-row kt-row-valign-middle kb-theme-content-width\">\n\n<div class=\"wp-block-kadence-column kadence-column180_92b886-05 kb-section-dir-vertical inner-column-2\"><div class=\"kt-inside-inner-col\">\n<figure class=\"wp-block-image size-large\"><img loading=\"lazy\" decoding=\"async\" width=\"1024\" height=\"678\" src=\"https:\/\/grossicardiologo.it\/wp-content\/uploads\/2024\/06\/image-5-1024x678.png\" alt=\"\" class=\"wp-image-230\" srcset=\"https:\/\/grossicardiologo.it\/wp-content\/uploads\/2024\/06\/image-5-1024x678.png 1024w, https:\/\/grossicardiologo.it\/wp-content\/uploads\/2024\/06\/image-5-300x199.png 300w, https:\/\/grossicardiologo.it\/wp-content\/uploads\/2024\/06\/image-5-768x509.png 768w, https:\/\/grossicardiologo.it\/wp-content\/uploads\/2024\/06\/image-5-1536x1017.png 1536w, https:\/\/grossicardiologo.it\/wp-content\/uploads\/2024\/06\/image-5.png 2048w\" sizes=\"auto, (max-width: 1024px) 100vw, 1024px\" \/><\/figure>\n<\/div><\/div>\n\n\n\n<div class=\"wp-block-kadence-column kadence-column180_2c67f3-d2 kb-section-dir-vertical inner-column-1\"><div class=\"kt-inside-inner-col\">\n<h2 class=\"kt-adv-heading180_426b4d-8b wp-block-kadence-advancedheading has-theme-palette-3-color has-text-color\" data-kb-block=\"kb-adv-heading180_426b4d-8b\">Atrial fibrillation<\/h2>\n\n\n\n<p><strong>Atrial fibrillation is the most common cardiac arrhythmia<\/strong>.<\/p>\n\n\n\n<p>It is generated in the atria and causes the loss of regularity of the heart rhythm.<\/p>\n\n\n\n<div class=\"wp-block-kadence-advancedbtn kb-buttons-wrap kb-btns180_2400c2-f4\"><a class=\"kb-button kt-button button kb-btn180_9b1ec5-cd kt-btn-size-standard kt-btn-width-type-auto kb-btn-global-inherit  kt-btn-has-text-true kt-btn-has-svg-false  wp-block-button__link wp-block-kadence-singlebtn\" href=\"https:\/\/grossicardiologo.it\/en\/fibrillazione-atriale\/\"><span class=\"kt-btn-inner-text\">Learn more<\/span><\/a><\/div>\n<\/div><\/div>\n\n<\/div><\/div>\n\n<div class=\"kb-row-layout-wrap kb-row-layout-id180_775411-7d alignfull has-theme-palette9-background-color kt-row-has-bg wp-block-kadence-rowlayout\"><div class=\"kt-row-column-wrap kt-has-2-columns kt-row-layout-equal kt-tab-layout-row kt-mobile-layout-row kt-row-valign-middle kb-theme-content-width\">\n\n<div class=\"wp-block-kadence-column kadence-column180_32bc2e-66 kb-section-dir-vertical inner-column-1\"><div class=\"kt-inside-inner-col\">\n<h2 class=\"kt-adv-heading180_eb3f08-84 wp-block-kadence-advancedheading has-theme-palette-3-color has-text-color\" data-kb-block=\"kb-adv-heading180_eb3f08-84\">Brugada Syndrome<\/h2>\n\n\n\n<p class=\"kt-adv-heading180_b66d67-b7 wp-block-kadence-advancedheading has-theme-palette-3-color has-text-color translation-block\" data-kb-block=\"kb-adv-heading180_b66d67-b7\">Brugada syndrome is a genetically determined <strong>arrhythmic syndrome<\/strong> that predisposes individuals to the development of severe heart rhythm disorders, which can lead to <strong>sudden cardiac death<\/strong>.<\/p>\n\n\n\n<div class=\"wp-block-kadence-advancedbtn kb-buttons-wrap kb-btns180_c11b74-d6\"><a class=\"kb-button kt-button button kb-btn180_8dab2a-40 kt-btn-size-standard kt-btn-width-type-auto kb-btn-global-inherit  kt-btn-has-text-true kt-btn-has-svg-false  wp-block-button__link wp-block-kadence-singlebtn\" href=\"https:\/\/grossicardiologo.it\/en\/sindrome-di-brugada\/\"><span class=\"kt-btn-inner-text\">Learn more<\/span><\/a><\/div>\n<\/div><\/div>\n\n\n\n<div class=\"wp-block-kadence-column kadence-column180_e7b7af-f1 kb-section-dir-vertical inner-column-2\"><div class=\"kt-inside-inner-col\">\n<figure class=\"wp-block-kadence-image kb-image180_d8ea53-4f size-full kb-image-is-ratio-size\"><div class=\"kb-is-ratio-image kb-image-ratio-square\"><img loading=\"lazy\" decoding=\"async\" width=\"850\" height=\"619\" src=\"https:\/\/grossicardiologo.it\/wp-content\/uploads\/2024\/06\/image-4.png\" alt=\"\" class=\"kb-img wp-image-104\" srcset=\"https:\/\/grossicardiologo.it\/wp-content\/uploads\/2024\/06\/image-4.png 850w, https:\/\/grossicardiologo.it\/wp-content\/uploads\/2024\/06\/image-4-300x218.png 300w, https:\/\/grossicardiologo.it\/wp-content\/uploads\/2024\/06\/image-4-768x559.png 768w\" sizes=\"auto, (max-width: 850px) 100vw, 850px\" \/><\/div><\/figure>\n<\/div><\/div>\n\n<\/div><\/div>\n\n<div class=\"kb-row-layout-wrap kb-row-layout-id180_c5ce6f-36 alignfull kt-row-has-bg wp-block-kadence-rowlayout\"><div class=\"kt-row-column-wrap kt-has-2-columns kt-row-layout-equal kt-tab-layout-row kt-mobile-layout-row kt-row-valign-top kb-theme-content-width\">\n\n<div class=\"wp-block-kadence-column kadence-column180_c41137-79 kb-section-dir-vertical inner-column-1\"><div class=\"kt-inside-inner-col\">\n<h2 class=\"kt-adv-heading180_2b7ad8-d7 wp-block-kadence-advancedheading has-theme-palette-3-color has-text-color translation-block\" data-kb-block=\"kb-adv-heading180_2b7ad8-d7\"><strong>Arrhythmology<\/strong> is the branch of cardiology that deals with arrhythmias.<\/h2>\n\n\n\n<p class=\"kt-adv-heading180_2ee7a0-40 wp-block-kadence-advancedheading has-theme-palette-3-color has-text-color\" data-kb-block=\"kb-adv-heading180_2ee7a0-40\">The doctor who performs it is an&nbsp;<strong>arrhythmologist<\/strong>&nbsp;, a cardiologist specialized in&nbsp;<strong>heart rhythm disorders<\/strong>An arrhythmologist who also performs electrophysiological studies and<strong>&nbsp;transcatheter ablation procedures is an electrophysiologist<\/strong>.<\/p>\n\n\n\n<div class=\"wp-block-kadence-advancedbtn kb-buttons-wrap kb-btns180_22f45e-fa\"><a class=\"kb-button kt-button button kb-btn180_8fcbd7-21 kt-btn-size-standard kt-btn-width-type-auto kb-btn-global-inherit  kt-btn-has-text-true kt-btn-has-svg-false  wp-block-button__link wp-block-kadence-singlebtn\" href=\"https:\/\/grossicardiologo.it\/en\/la-visita-aritmologica\/\"><span class=\"kt-btn-inner-text\">Learn more<\/span><\/a>\n\n<a class=\"kb-button kt-button button kb-btn180_fb06eb-16 kt-btn-size-standard kt-btn-width-type-auto kb-btn-global-inherit  kt-btn-has-text-true kt-btn-has-svg-false  wp-block-button__link wp-block-kadence-singlebtn\" href=\"https:\/\/grossicardiologo.it\/en\/contatti\/\"><span class=\"kt-btn-inner-text\">Book your visit<\/span><\/a><\/div>\n<\/div><\/div>\n\n\n\n<div class=\"wp-block-kadence-column kadence-column180_f80f2d-2c kvs-lg-false kvs-md-false kvs-sm-false inner-column-2\"><div class=\"kt-inside-inner-col\"><\/div><\/div>\n\n<\/div><\/div>","protected":false},"excerpt":{"rendered":"<p>Disturbi del ritmo Cosa si intende per visita aritmologica? Aritmie L\u2019aritmia cardiaca&nbsp;\u00e8 un\u2019alterazione del ritmo cardiaco, per la quale il battito risulta irregolare, con momenti di aumento (tachicardia), di diminuzione (bradicardia) o di assoluta&nbsp;irregolarit\u00e0&nbsp;(per es.&nbsp;fibrillazione atriale) rispetto alla velocit\u00e0 media normale. Scopri di pi\u00f9 -&gt; Fibrillazione atriale La fibrillazione atriale \u00e8 la pi\u00f9 comune aritmia [&hellip;]<\/p>\n","protected":false},"author":1,"featured_media":0,"parent":0,"menu_order":0,"comment_status":"closed","ping_status":"closed","template":"","meta":{"footnotes":""},"class_list":["post-180","page","type-page","status-publish","hentry"],"yoast_head":"<!-- This site is optimized with the Yoast SEO plugin v27.4 - https:\/\/yoast.com\/product\/yoast-seo-wordpress\/ -->\n<title>Disturbi del ritmo - Dr. Stefano Grossi<\/title>\n<meta name=\"description\" content=\"I disturbi del ritmo cardiaco comprendono aritmie, fibrillazione cardiaca, sindrome di Brugada. Dr. Stefano Grossi cardiologo a Torino\" \/>\n<meta name=\"robots\" content=\"index, follow, max-snippet:-1, max-image-preview:large, max-video-preview:-1\" \/>\n<link rel=\"canonical\" href=\"https:\/\/grossicardiologo.it\/en\/disturbi-del-ritmo\/\" \/>\n<meta property=\"og:locale\" content=\"en_GB\" \/>\n<meta property=\"og:type\" content=\"article\" \/>\n<meta property=\"og:title\" content=\"Disturbi del ritmo - Dr. Stefano Grossi\" \/>\n<meta property=\"og:description\" content=\"I disturbi del ritmo cardiaco comprendono aritmie, fibrillazione cardiaca, sindrome di Brugada. Dr. Stefano Grossi cardiologo a Torino\" \/>\n<meta property=\"og:url\" content=\"https:\/\/grossicardiologo.it\/en\/disturbi-del-ritmo\/\" \/>\n<meta property=\"og:site_name\" content=\"Dr. Stefano Grossi\" \/>\n<meta property=\"article:modified_time\" content=\"2024-07-12T14:24:43+00:00\" \/>\n<meta property=\"og:image\" content=\"https:\/\/grossicardiologo.it\/wp-content\/uploads\/2024\/06\/sfondo-header-brugada-edited.png\" \/>\n<meta name=\"twitter:card\" content=\"summary_large_image\" \/>\n<meta name=\"twitter:label1\" content=\"Estimated reading time\" \/>\n\t<meta name=\"twitter:data1\" content=\"2 minutes\" \/>\n<script type=\"application\/ld+json\" class=\"yoast-schema-graph\">{\"@context\":\"https:\\\/\\\/schema.org\",\"@graph\":[{\"@type\":\"WebPage\",\"@id\":\"https:\\\/\\\/grossicardiologo.it\\\/disturbi-del-ritmo\\\/\",\"url\":\"https:\\\/\\\/grossicardiologo.it\\\/disturbi-del-ritmo\\\/\",\"name\":\"Disturbi del ritmo - Dr. Stefano Grossi\",\"isPartOf\":{\"@id\":\"https:\\\/\\\/grossicardiologo.it\\\/#website\"},\"primaryImageOfPage\":{\"@id\":\"https:\\\/\\\/grossicardiologo.it\\\/disturbi-del-ritmo\\\/#primaryimage\"},\"image\":{\"@id\":\"https:\\\/\\\/grossicardiologo.it\\\/disturbi-del-ritmo\\\/#primaryimage\"},\"thumbnailUrl\":\"https:\\\/\\\/grossicardiologo.it\\\/wp-content\\\/uploads\\\/2024\\\/06\\\/sfondo-header-brugada-edited.png\",\"datePublished\":\"2024-06-22T20:19:56+00:00\",\"dateModified\":\"2024-07-12T14:24:43+00:00\",\"description\":\"I disturbi del ritmo cardiaco comprendono aritmie, fibrillazione cardiaca, sindrome di Brugada. Dr. Stefano Grossi cardiologo a Torino\",\"inLanguage\":\"en-GB\",\"potentialAction\":[{\"@type\":\"ReadAction\",\"target\":[\"https:\\\/\\\/grossicardiologo.it\\\/disturbi-del-ritmo\\\/\"]}]},{\"@type\":\"ImageObject\",\"inLanguage\":\"en-GB\",\"@id\":\"https:\\\/\\\/grossicardiologo.it\\\/disturbi-del-ritmo\\\/#primaryimage\",\"url\":\"https:\\\/\\\/grossicardiologo.it\\\/wp-content\\\/uploads\\\/2024\\\/06\\\/sfondo-header-brugada-edited.png\",\"contentUrl\":\"https:\\\/\\\/grossicardiologo.it\\\/wp-content\\\/uploads\\\/2024\\\/06\\\/sfondo-header-brugada-edited.png\"},{\"@type\":\"WebSite\",\"@id\":\"https:\\\/\\\/grossicardiologo.it\\\/#website\",\"url\":\"https:\\\/\\\/grossicardiologo.it\\\/\",\"name\":\"Dr. Stefano Grossi\",\"description\":\"Cardiologo, aritmologo, elettrofisiologo interventista\",\"publisher\":{\"@id\":\"https:\\\/\\\/grossicardiologo.it\\\/#organization\"},\"potentialAction\":[{\"@type\":\"SearchAction\",\"target\":{\"@type\":\"EntryPoint\",\"urlTemplate\":\"https:\\\/\\\/grossicardiologo.it\\\/?s={search_term_string}\"},\"query-input\":{\"@type\":\"PropertyValueSpecification\",\"valueRequired\":true,\"valueName\":\"search_term_string\"}}],\"inLanguage\":\"en-GB\"},{\"@type\":\"Organization\",\"@id\":\"https:\\\/\\\/grossicardiologo.it\\\/#organization\",\"name\":\"Dr. Stefano Grossi\",\"url\":\"https:\\\/\\\/grossicardiologo.it\\\/\",\"logo\":{\"@type\":\"ImageObject\",\"inLanguage\":\"en-GB\",\"@id\":\"https:\\\/\\\/grossicardiologo.it\\\/#\\\/schema\\\/logo\\\/image\\\/\",\"url\":\"https:\\\/\\\/grossicardiologo.it\\\/wp-content\\\/uploads\\\/2024\\\/06\\\/logo-grossired.png\",\"contentUrl\":\"https:\\\/\\\/grossicardiologo.it\\\/wp-content\\\/uploads\\\/2024\\\/06\\\/logo-grossired.png\",\"width\":406,\"height\":428,\"caption\":\"Dr. Stefano Grossi\"},\"image\":{\"@id\":\"https:\\\/\\\/grossicardiologo.it\\\/#\\\/schema\\\/logo\\\/image\\\/\"}}]}<\/script>\n<!-- \/ Yoast SEO plugin. -->","yoast_head_json":{"title":"Disturbi del ritmo - Dr. Stefano Grossi","description":"I disturbi del ritmo cardiaco comprendono aritmie, fibrillazione cardiaca, sindrome di Brugada. Dr. Stefano Grossi cardiologo a Torino","robots":{"index":"index","follow":"follow","max-snippet":"max-snippet:-1","max-image-preview":"max-image-preview:large","max-video-preview":"max-video-preview:-1"},"canonical":"https:\/\/grossicardiologo.it\/en\/disturbi-del-ritmo\/","og_locale":"en_GB","og_type":"article","og_title":"Disturbi del ritmo - Dr. Stefano Grossi","og_description":"I disturbi del ritmo cardiaco comprendono aritmie, fibrillazione cardiaca, sindrome di Brugada. Dr. Stefano Grossi cardiologo a Torino","og_url":"https:\/\/grossicardiologo.it\/en\/disturbi-del-ritmo\/","og_site_name":"Dr. Stefano Grossi","article_modified_time":"2024-07-12T14:24:43+00:00","og_image":[{"url":"https:\/\/grossicardiologo.it\/wp-content\/uploads\/2024\/06\/sfondo-header-brugada-edited.png","type":"","width":"","height":""}],"twitter_card":"summary_large_image","twitter_misc":{"Estimated reading time":"2 minutes"},"schema":{"@context":"https:\/\/schema.org","@graph":[{"@type":"WebPage","@id":"https:\/\/grossicardiologo.it\/disturbi-del-ritmo\/","url":"https:\/\/grossicardiologo.it\/disturbi-del-ritmo\/","name":"Disturbi del ritmo - Dr. Stefano Grossi","isPartOf":{"@id":"https:\/\/grossicardiologo.it\/#website"},"primaryImageOfPage":{"@id":"https:\/\/grossicardiologo.it\/disturbi-del-ritmo\/#primaryimage"},"image":{"@id":"https:\/\/grossicardiologo.it\/disturbi-del-ritmo\/#primaryimage"},"thumbnailUrl":"https:\/\/grossicardiologo.it\/wp-content\/uploads\/2024\/06\/sfondo-header-brugada-edited.png","datePublished":"2024-06-22T20:19:56+00:00","dateModified":"2024-07-12T14:24:43+00:00","description":"I disturbi del ritmo cardiaco comprendono aritmie, fibrillazione cardiaca, sindrome di Brugada. Dr. Stefano Grossi cardiologo a Torino","inLanguage":"en-GB","potentialAction":[{"@type":"ReadAction","target":["https:\/\/grossicardiologo.it\/disturbi-del-ritmo\/"]}]},{"@type":"ImageObject","inLanguage":"en-GB","@id":"https:\/\/grossicardiologo.it\/disturbi-del-ritmo\/#primaryimage","url":"https:\/\/grossicardiologo.it\/wp-content\/uploads\/2024\/06\/sfondo-header-brugada-edited.png","contentUrl":"https:\/\/grossicardiologo.it\/wp-content\/uploads\/2024\/06\/sfondo-header-brugada-edited.png"},{"@type":"WebSite","@id":"https:\/\/grossicardiologo.it\/#website","url":"https:\/\/grossicardiologo.it\/","name":"Dr. Stefano Grossi","description":"Cardiologist, arrhythmologist, interventional electrophysiologist","publisher":{"@id":"https:\/\/grossicardiologo.it\/#organization"},"potentialAction":[{"@type":"SearchAction","target":{"@type":"EntryPoint","urlTemplate":"https:\/\/grossicardiologo.it\/?s={search_term_string}"},"query-input":{"@type":"PropertyValueSpecification","valueRequired":true,"valueName":"search_term_string"}}],"inLanguage":"en-GB"},{"@type":"Organization","@id":"https:\/\/grossicardiologo.it\/#organization","name":"Dr. Stefano Grossi","url":"https:\/\/grossicardiologo.it\/","logo":{"@type":"ImageObject","inLanguage":"en-GB","@id":"https:\/\/grossicardiologo.it\/#\/schema\/logo\/image\/","url":"https:\/\/grossicardiologo.it\/wp-content\/uploads\/2024\/06\/logo-grossired.png","contentUrl":"https:\/\/grossicardiologo.it\/wp-content\/uploads\/2024\/06\/logo-grossired.png","width":406,"height":428,"caption":"Dr. Stefano Grossi"},"image":{"@id":"https:\/\/grossicardiologo.it\/#\/schema\/logo\/image\/"}}]}},"_links":{"self":[{"href":"https:\/\/grossicardiologo.it\/en\/wp-json\/wp\/v2\/pages\/180","targetHints":{"allow":["GET"]}}],"collection":[{"href":"https:\/\/grossicardiologo.it\/en\/wp-json\/wp\/v2\/pages"}],"about":[{"href":"https:\/\/grossicardiologo.it\/en\/wp-json\/wp\/v2\/types\/page"}],"author":[{"embeddable":true,"href":"https:\/\/grossicardiologo.it\/en\/wp-json\/wp\/v2\/users\/1"}],"replies":[{"embeddable":true,"href":"https:\/\/grossicardiologo.it\/en\/wp-json\/wp\/v2\/comments?post=180"}],"version-history":[{"count":15,"href":"https:\/\/grossicardiologo.it\/en\/wp-json\/wp\/v2\/pages\/180\/revisions"}],"predecessor-version":[{"id":527,"href":"https:\/\/grossicardiologo.it\/en\/wp-json\/wp\/v2\/pages\/180\/revisions\/527"}],"wp:attachment":[{"href":"https:\/\/grossicardiologo.it\/en\/wp-json\/wp\/v2\/media?parent=180"}],"curies":[{"name":"wp","href":"https:\/\/api.w.org\/{rel}","templated":true}]}}