{"id":90,"date":"2024-06-22T02:42:14","date_gmt":"2024-06-22T00:42:14","guid":{"rendered":"https:\/\/grossicardiologo.it\/?page_id=90"},"modified":"2026-03-09T16:23:44","modified_gmt":"2026-03-09T15:23:44","slug":"contatti","status":"publish","type":"page","link":"https:\/\/grossicardiologo.it\/en\/contatti\/","title":{"rendered":"Contacts"},"content":{"rendered":"<div class=\"wp-block-group alignfull has-background-background-color has-background has-global-padding is-layout-constrained wp-container-core-group-is-layout-7276a2bb wp-block-group-is-layout-constrained\" style=\"margin-top:0;margin-bottom:0;padding-top:var(--wp--preset--spacing--60);padding-right:var(--wp--preset--spacing--30);padding-bottom:var(--wp--preset--spacing--60);padding-left:var(--wp--preset--spacing--30)\">\n<div class=\"wp-block-group alignwide has-global-padding is-content-justification-left is-layout-constrained wp-container-core-group-is-layout-8b4c372c wp-block-group-is-layout-constrained\">\n<h2 class=\"wp-block-heading has-large-font-size\">Contacts<\/h2>\n<\/div>\n\n\n\n<div class=\"wp-block-columns alignwide are-vertically-aligned-center is-layout-flex wp-container-core-columns-is-layout-08c01c1c wp-block-columns-is-layout-flex\">\n<div class=\"wp-block-column is-vertically-aligned-center is-layout-flow wp-container-core-column-is-layout-f5bb311e wp-block-column-is-layout-flow\">\n<div class=\"wp-block-group has-border-color has-tertiary-border-color has-global-padding is-layout-constrained wp-container-core-group-is-layout-3bcd2578 wp-block-group-is-layout-constrained\" style=\"border-width:1px;border-radius:4px;padding-top:24px;padding-right:24px;padding-bottom:24px;padding-left:24px\">\n<h2 class=\"wp-block-heading\">Gruppo Cidimu<br>Torino<\/h2>\n\n\n\n<p><strong>DAYS<\/strong>:\u00a0<em>Monday, Tuesday, Thursday<\/em><br><em><strong>HOURS<\/strong>: 4:00 PM to 8:00 PM<\/em><br><em><strong>ADDRESS<\/strong>: via Legnano 23, Torino<\/em><br><em><strong>TEL<\/strong>:\u00a0 <\/em><a href=\"tel:+390115616111\">+39 011 5616111<\/a><br><em><strong>MAIL<\/strong>:\u00a0<a href=\"mailto:cup@cidimu.it\">cup@cidimu.it<\/a><\/em><\/p>\n<\/div>\n\n\n\n<div class=\"wp-block-group has-border-color has-tertiary-border-color has-global-padding is-layout-constrained wp-container-core-group-is-layout-3bcd2578 wp-block-group-is-layout-constrained\" style=\"border-width:1px;border-radius:4px;padding-top:24px;padding-right:24px;padding-bottom:24px;padding-left:24px\">\n<h2 class=\"wp-block-heading\">Ospedale Mauriziano Torino<br>Studi Libera Professione Intramoenia<\/h2>\n\n\n\n<p><em><strong>DAYS<\/strong>: Wednesday, Friday<br><strong>HOURS<\/strong>: 4:00 PM to 8:00 PM<br><strong>ADDRESS<\/strong>: Largo Filippo Turati 62, Torino<br><strong>TEL<\/strong>:\u00a0<\/em><a href=\"tel:+390115085200\">+39 011 5085200<\/a><em>\u2013<\/em><a href=\"tel:+390115085201\">+39 011 5085201<\/a><em><br><strong>MAIL<\/strong>:\u00a0<a href=\"mailto:liberaprofessione@mauriziano.it\">liberaprofessione@mauriziano.it<\/a><\/em><\/p>\n<\/div>\n<\/div>\n\n\n\n<div class=\"wp-block-column is-vertically-aligned-center is-layout-flow wp-container-core-column-is-layout-f5bb311e wp-block-column-is-layout-flow\">\n<figure class=\"wp-block-image ext-import\"><img decoding=\"async\" src=\"https:\/\/images.unsplash.com\/photo-1638202993928-7267aad84c31?fit=crop&amp;crop=entropy%2Cfaces&amp;auto=format%2Ccompress&amp;w=1280\" alt=\"\" style=\"aspect-ratio:1;object-fit:cover\"\/><\/figure>\n<\/div>\n<\/div>\n<\/div>\n\n\n\n<p><\/p>","protected":false},"excerpt":{"rendered":"<p>Contatti Gruppo CidimuTorino GIORNO:\u00a0Luned\u00ec, Marted\u00ec, Gioved\u00ecORARIO: dalle 16:00 alle 20:00INDIRIZZO: via Legnano 23, TorinoTEL:\u00a0 +39 011 5616111MAIL:\u00a0cup@cidimu.it Ospedale Mauriziano TorinoStudi Libera Professione Intramoenia GIORNO: Mercoled\u00ec, Venerd\u00ecORARIO: dalle 16:00 alle 20:00INDIRIZZO: Largo Filippo Turati 62, TorinoTEL:\u00a0+39 011 5085200\u2013+39 011 5085201MAIL:\u00a0liberaprofessione@mauriziano.it<\/p>","protected":false},"author":1,"featured_media":0,"parent":0,"menu_order":0,"comment_status":"closed","ping_status":"closed","template":"","meta":{"footnotes":""},"class_list":["post-90","page","type-page","status-publish","hentry"],"yoast_head":"<!-- This site is optimized with the Yoast SEO plugin v27.4 - https:\/\/yoast.com\/product\/yoast-seo-wordpress\/ -->\n<title>Contatti - Dr. Stefano Grossi<\/title>\n<meta name=\"description\" content=\"Contatti del dr. Stefano Grossi - Cardiologo, aritmologo, elettrofisiologo interventista - Gruppo Cidimu Torino - Ospedale Mauriziano Torino\" \/>\n<meta name=\"robots\" content=\"index, follow, max-snippet:-1, max-image-preview:large, max-video-preview:-1\" \/>\n<link rel=\"canonical\" href=\"https:\/\/grossicardiologo.it\/en\/contatti\/\" \/>\n<meta property=\"og:locale\" content=\"en_GB\" \/>\n<meta property=\"og:type\" content=\"article\" \/>\n<meta property=\"og:title\" content=\"Contatti - Dr. Stefano Grossi\" \/>\n<meta property=\"og:description\" content=\"Contatti del dr. Stefano Grossi - Cardiologo, aritmologo, elettrofisiologo interventista - Gruppo Cidimu Torino - Ospedale Mauriziano Torino\" \/>\n<meta property=\"og:url\" content=\"https:\/\/grossicardiologo.it\/en\/contatti\/\" \/>\n<meta property=\"og:site_name\" content=\"Dr. Stefano Grossi\" \/>\n<meta property=\"article:modified_time\" content=\"2026-03-09T15:23:44+00:00\" \/>\n<meta property=\"og:image\" content=\"https:\/\/images.unsplash.com\/photo-1638202993928-7267aad84c31?fit=crop&amp;crop=entropy%2Cfaces&amp;auto=format%2Ccompress&amp;w=1280\" \/>\n<meta name=\"twitter:card\" content=\"summary_large_image\" \/>\n<meta name=\"twitter:label1\" content=\"Estimated reading time\" \/>\n\t<meta name=\"twitter:data1\" content=\"1 minute\" \/>\n<script type=\"application\/ld+json\" class=\"yoast-schema-graph\">{\"@context\":\"https:\\\/\\\/schema.org\",\"@graph\":[{\"@type\":\"WebPage\",\"@id\":\"https:\\\/\\\/grossicardiologo.it\\\/contatti\\\/\",\"url\":\"https:\\\/\\\/grossicardiologo.it\\\/contatti\\\/\",\"name\":\"Contatti - Dr. Stefano Grossi\",\"isPartOf\":{\"@id\":\"https:\\\/\\\/grossicardiologo.it\\\/#website\"},\"primaryImageOfPage\":{\"@id\":\"https:\\\/\\\/grossicardiologo.it\\\/contatti\\\/#primaryimage\"},\"image\":{\"@id\":\"https:\\\/\\\/grossicardiologo.it\\\/contatti\\\/#primaryimage\"},\"thumbnailUrl\":\"https:\\\/\\\/images.unsplash.com\\\/photo-1638202993928-7267aad84c31?fit=crop&amp;crop=entropy%2Cfaces&amp;auto=format%2Ccompress&amp;w=1280\",\"datePublished\":\"2024-06-22T00:42:14+00:00\",\"dateModified\":\"2026-03-09T15:23:44+00:00\",\"description\":\"Contatti del dr. Stefano Grossi - Cardiologo, aritmologo, elettrofisiologo interventista - Gruppo Cidimu Torino - Ospedale Mauriziano Torino\",\"inLanguage\":\"en-GB\",\"potentialAction\":[{\"@type\":\"ReadAction\",\"target\":[\"https:\\\/\\\/grossicardiologo.it\\\/contatti\\\/\"]}]},{\"@type\":\"ImageObject\",\"inLanguage\":\"en-GB\",\"@id\":\"https:\\\/\\\/grossicardiologo.it\\\/contatti\\\/#primaryimage\",\"url\":\"https:\\\/\\\/images.unsplash.com\\\/photo-1638202993928-7267aad84c31?fit=crop&amp;crop=entropy%2Cfaces&amp;auto=format%2Ccompress&amp;w=1280\",\"contentUrl\":\"https:\\\/\\\/images.unsplash.com\\\/photo-1638202993928-7267aad84c31?fit=crop&amp;crop=entropy%2Cfaces&amp;auto=format%2Ccompress&amp;w=1280\"},{\"@type\":\"WebSite\",\"@id\":\"https:\\\/\\\/grossicardiologo.it\\\/#website\",\"url\":\"https:\\\/\\\/grossicardiologo.it\\\/\",\"name\":\"Dr. Stefano Grossi\",\"description\":\"Cardiologo, aritmologo, elettrofisiologo interventista\",\"publisher\":{\"@id\":\"https:\\\/\\\/grossicardiologo.it\\\/#organization\"},\"potentialAction\":[{\"@type\":\"SearchAction\",\"target\":{\"@type\":\"EntryPoint\",\"urlTemplate\":\"https:\\\/\\\/grossicardiologo.it\\\/?s={search_term_string}\"},\"query-input\":{\"@type\":\"PropertyValueSpecification\",\"valueRequired\":true,\"valueName\":\"search_term_string\"}}],\"inLanguage\":\"en-GB\"},{\"@type\":\"Organization\",\"@id\":\"https:\\\/\\\/grossicardiologo.it\\\/#organization\",\"name\":\"Dr. Stefano Grossi\",\"url\":\"https:\\\/\\\/grossicardiologo.it\\\/\",\"logo\":{\"@type\":\"ImageObject\",\"inLanguage\":\"en-GB\",\"@id\":\"https:\\\/\\\/grossicardiologo.it\\\/#\\\/schema\\\/logo\\\/image\\\/\",\"url\":\"https:\\\/\\\/grossicardiologo.it\\\/wp-content\\\/uploads\\\/2024\\\/06\\\/logo-grossired.png\",\"contentUrl\":\"https:\\\/\\\/grossicardiologo.it\\\/wp-content\\\/uploads\\\/2024\\\/06\\\/logo-grossired.png\",\"width\":406,\"height\":428,\"caption\":\"Dr. Stefano Grossi\"},\"image\":{\"@id\":\"https:\\\/\\\/grossicardiologo.it\\\/#\\\/schema\\\/logo\\\/image\\\/\"}}]}<\/script>\n<!-- \/ Yoast SEO plugin. -->","yoast_head_json":{"title":"Contatti - Dr. Stefano Grossi","description":"Contatti del dr. Stefano Grossi - Cardiologo, aritmologo, elettrofisiologo interventista - Gruppo Cidimu Torino - Ospedale Mauriziano Torino","robots":{"index":"index","follow":"follow","max-snippet":"max-snippet:-1","max-image-preview":"max-image-preview:large","max-video-preview":"max-video-preview:-1"},"canonical":"https:\/\/grossicardiologo.it\/en\/contatti\/","og_locale":"en_GB","og_type":"article","og_title":"Contatti - Dr. Stefano Grossi","og_description":"Contatti del dr. Stefano Grossi - Cardiologo, aritmologo, elettrofisiologo interventista - Gruppo Cidimu Torino - Ospedale Mauriziano Torino","og_url":"https:\/\/grossicardiologo.it\/en\/contatti\/","og_site_name":"Dr. Stefano Grossi","article_modified_time":"2026-03-09T15:23:44+00:00","og_image":[{"url":"https:\/\/images.unsplash.com\/photo-1638202993928-7267aad84c31?fit=crop&amp;crop=entropy%2Cfaces&amp;auto=format%2Ccompress&amp;w=1280","type":"","width":"","height":""}],"twitter_card":"summary_large_image","twitter_misc":{"Estimated reading time":"1 minute"},"schema":{"@context":"https:\/\/schema.org","@graph":[{"@type":"WebPage","@id":"https:\/\/grossicardiologo.it\/contatti\/","url":"https:\/\/grossicardiologo.it\/contatti\/","name":"Contatti - Dr. Stefano Grossi","isPartOf":{"@id":"https:\/\/grossicardiologo.it\/#website"},"primaryImageOfPage":{"@id":"https:\/\/grossicardiologo.it\/contatti\/#primaryimage"},"image":{"@id":"https:\/\/grossicardiologo.it\/contatti\/#primaryimage"},"thumbnailUrl":"https:\/\/images.unsplash.com\/photo-1638202993928-7267aad84c31?fit=crop&amp;crop=entropy%2Cfaces&amp;auto=format%2Ccompress&amp;w=1280","datePublished":"2024-06-22T00:42:14+00:00","dateModified":"2026-03-09T15:23:44+00:00","description":"Contatti del dr. Stefano Grossi - Cardiologo, aritmologo, elettrofisiologo interventista - Gruppo Cidimu Torino - Ospedale Mauriziano Torino","inLanguage":"en-GB","potentialAction":[{"@type":"ReadAction","target":["https:\/\/grossicardiologo.it\/contatti\/"]}]},{"@type":"ImageObject","inLanguage":"en-GB","@id":"https:\/\/grossicardiologo.it\/contatti\/#primaryimage","url":"https:\/\/images.unsplash.com\/photo-1638202993928-7267aad84c31?fit=crop&amp;crop=entropy%2Cfaces&amp;auto=format%2Ccompress&amp;w=1280","contentUrl":"https:\/\/images.unsplash.com\/photo-1638202993928-7267aad84c31?fit=crop&amp;crop=entropy%2Cfaces&amp;auto=format%2Ccompress&amp;w=1280"},{"@type":"WebSite","@id":"https:\/\/grossicardiologo.it\/#website","url":"https:\/\/grossicardiologo.it\/","name":"Dr. Stefano Grossi","description":"Cardiologist, arrhythmologist, interventional electrophysiologist","publisher":{"@id":"https:\/\/grossicardiologo.it\/#organization"},"potentialAction":[{"@type":"SearchAction","target":{"@type":"EntryPoint","urlTemplate":"https:\/\/grossicardiologo.it\/?s={search_term_string}"},"query-input":{"@type":"PropertyValueSpecification","valueRequired":true,"valueName":"search_term_string"}}],"inLanguage":"en-GB"},{"@type":"Organization","@id":"https:\/\/grossicardiologo.it\/#organization","name":"Dr. Stefano Grossi","url":"https:\/\/grossicardiologo.it\/","logo":{"@type":"ImageObject","inLanguage":"en-GB","@id":"https:\/\/grossicardiologo.it\/#\/schema\/logo\/image\/","url":"https:\/\/grossicardiologo.it\/wp-content\/uploads\/2024\/06\/logo-grossired.png","contentUrl":"https:\/\/grossicardiologo.it\/wp-content\/uploads\/2024\/06\/logo-grossired.png","width":406,"height":428,"caption":"Dr. Stefano Grossi"},"image":{"@id":"https:\/\/grossicardiologo.it\/#\/schema\/logo\/image\/"}}]}},"_links":{"self":[{"href":"https:\/\/grossicardiologo.it\/en\/wp-json\/wp\/v2\/pages\/90","targetHints":{"allow":["GET"]}}],"collection":[{"href":"https:\/\/grossicardiologo.it\/en\/wp-json\/wp\/v2\/pages"}],"about":[{"href":"https:\/\/grossicardiologo.it\/en\/wp-json\/wp\/v2\/types\/page"}],"author":[{"embeddable":true,"href":"https:\/\/grossicardiologo.it\/en\/wp-json\/wp\/v2\/users\/1"}],"replies":[{"embeddable":true,"href":"https:\/\/grossicardiologo.it\/en\/wp-json\/wp\/v2\/comments?post=90"}],"version-history":[{"count":5,"href":"https:\/\/grossicardiologo.it\/en\/wp-json\/wp\/v2\/pages\/90\/revisions"}],"predecessor-version":[{"id":931,"href":"https:\/\/grossicardiologo.it\/en\/wp-json\/wp\/v2\/pages\/90\/revisions\/931"}],"wp:attachment":[{"href":"https:\/\/grossicardiologo.it\/en\/wp-json\/wp\/v2\/media?parent=90"}],"curies":[{"name":"wp","href":"https:\/\/api.w.org\/{rel}","templated":true}]}}